{"id":2966,"date":"2021-03-03T15:07:43","date_gmt":"2021-03-03T15:07:43","guid":{"rendered":"https:\/\/www.meretesultra.no\/ny2020\/?page_id=2966"},"modified":"2021-03-03T15:07:43","modified_gmt":"2021-03-03T15:07:43","slug":"pc","status":"publish","type":"page","link":"https:\/\/www.meretesultra.no\/en\/pc\/","title":{"rendered":"P&#038;C"},"content":{"rendered":"<div id='full_slider_1'  class='avia-fullwidth-slider main_color avia-shadow   avia-builder-el-0  el_before_av_one_half  avia-builder-el-first   container_wrap fullsize'  ><div  class='avia-slideshow av-klqjk7yz-6323a7ce1339d9216285d74136f6666f avia-slideshow-featured av_slideshow_full avia-slide-slider av-slideshow-ui av-control-default av-slideshow-manual av-loop-once av-loop-manual-endless av-default-height-applied   avia-slideshow-1' data-slideshow-options=\"{&quot;animation&quot;:&quot;slide&quot;,&quot;autoplay&quot;:false,&quot;loop_autoplay&quot;:&quot;once&quot;,&quot;interval&quot;:5,&quot;loop_manual&quot;:&quot;manual-endless&quot;,&quot;autoplay_stopper&quot;:false,&quot;noNavigation&quot;:false,&quot;bg_slider&quot;:false,&quot;keep_padding&quot;:false,&quot;hoverpause&quot;:false,&quot;show_slide_delay&quot;:0}\"  itemprop=\"image\" itemscope=\"itemscope\" itemtype=\"https:\/\/schema.org\/ImageObject\" ><ul class='avia-slideshow-inner ' style='padding-bottom: 28.666666666667%;'><li  class='avia-slideshow-slide av-klqjk7yz-6323a7ce1339d9216285d74136f6666f__0  av-single-slide slide-1 slide-odd'><div data-rel='slideshow-1' class='avia-slide-wrap '   ><img decoding=\"async\" fetchpriority=\"high\" class=\"wp-image-2900 avia-img-lazy-loading-not-2900\"  src=\"https:\/\/www.meretesultra.no\/wp-content\/uploads\/2021\/03\/cookies-1500x430.jpg\" width=\"1500\" height=\"430\" title='cookies' alt=''  itemprop=\"thumbnailUrl\"   \/><\/div><\/li><\/ul><\/div><\/div><div id='after_full_slider_1'  class='main_color av_default_container_wrap container_wrap fullsize'  ><div class='container av-section-cont-open' ><div class='template-page content  av-content-full alpha units'><div class='post-entry post-entry-type-page post-entry-2966'><div class='entry-content-wrapper clearfix'>\n\n<style type=\"text\/css\" data-created_by=\"avia_inline_auto\" id=\"style-css-av-klqjkgpd-4fabe68cd79dc70df789b65a60bb9d55\">\n.flex_column.av-klqjkgpd-4fabe68cd79dc70df789b65a60bb9d55{\nborder-radius:0px 0px 0px 0px;\npadding:0px 0px 0px 0px;\n}\n<\/style>\n<div  class='flex_column av-klqjkgpd-4fabe68cd79dc70df789b65a60bb9d55 av_one_half  avia-builder-el-1  el_after_av_slideshow_full  el_before_av_one_half  avia-builder-el-first  first flex_column_div av-animated-generic bottom-to-top av-zero-column-padding  '     ><section  class='av_textblock_section av-klqjllze-47488c68b028482fe1e6c81b3ef7140b '   itemscope=\"itemscope\" itemtype=\"https:\/\/schema.org\/CreativeWork\" ><div class='avia_textblock'  itemprop=\"text\" ><h1>PERSONVERNERKL\u00c6RING<\/h1>\n<p>Gjelder for Merete\u00b4s Ultra, ved Merete Arn\u00f8y, Skagen 18, 4006 Stavanger, mob: 93836471, <a href=\"mailto:post@meretesultra.no\">post@meretesultra.no<\/a><\/p>\n<h3>Denne nettsiden bruker f\u00f8lgende plugins for WordPress som samler informasjon:<\/h3>\n<ul>\n<li><strong>Jetpack<br \/>\n<\/strong>Statistikken brukes kun for kartlegging av antall bes\u00f8kende p\u00e5 nettsiden av Meretes Ultra.<\/li>\n<li><strong>Online booking<\/strong><br \/>\nVi bruker en ekstern bedrift for online booking, <a href=\"https:\/\/hano.no\/\" target=\"_blank\" rel=\"noopener\">Hano<\/a>.<\/li>\n<li><strong>Facebook<\/strong><br \/>\nVi bruker en Facebook like box og feeder p\u00e5 v\u00e5r nettside.<\/li>\n<li><strong>Google maps<\/strong><br \/>\nVi bruker et live kart fra Google maps.<\/li>\n<\/ul>\n<h2>Virksomheten behandler f\u00f8lgende personopplysninger:<\/h2>\n<ul>\n<li>navn og f\u00f8dselsdato<\/li>\n<li>adresse<\/li>\n<li>mail og telefon<\/li>\n<li>helseopplysninger knyttet til tidligere og n\u00e5v\u00e6rende svangerskap<\/li>\n<li>helseopplysninger som kan v\u00e6re relevante for oppf\u00f8lging i svangerskap<\/li>\n<\/ul>\n<p>Form\u00e5l og rettslig grunnlag for oppbevaring og bruk av personopplysninger er \u00e5 kunne yte god helsehjelp i forbindelse med svangerskap, jf GDPR art. 9 nr 2.<\/p>\n<p>Personopplysninger utleveres dersom henvisning til sykehus skulle v\u00e6re n\u00f8dvendig.<\/p>\n<p>Personopplysninger lagres i det elektroniske datasystemet Hano. Opplysningene lagres s\u00e5 lenge det er behov ifht oppf\u00f8lging. Ved avvikling av virksomheten vil opplysningene bli slettet. Den registrerte har rett til innsyn i registrerte opplysninger, og har rett til \u00e5 kreve opplysningene korrigert, begrenset eller slettet.<\/p>\n<p>Stavanger, 13\/7-18<\/p>\n<p>Merete Arn\u00f8y<\/p>\n<\/div><\/section><\/div>\n<style type=\"text\/css\" data-created_by=\"avia_inline_auto\" id=\"style-css-av-klqjkgpd-1cd09889ea2a697b53a1bd1d3d4500b6\">\n.flex_column.av-klqjkgpd-1cd09889ea2a697b53a1bd1d3d4500b6{\nborder-radius:0px 0px 0px 0px;\npadding:0px 0px 0px 0px;\n}\n<\/style>\n<div  class='flex_column av-klqjkgpd-1cd09889ea2a697b53a1bd1d3d4500b6 av_one_half  avia-builder-el-3  el_after_av_one_half  avia-builder-el-last  flex_column_div av-animated-generic bottom-to-top av-zero-column-padding  '     ><section  class='av_textblock_section av-klqjlau8-b5a51bf5af26009c952fd108a9aebee5 '   itemscope=\"itemscope\" itemtype=\"https:\/\/schema.org\/CreativeWork\" ><div class='avia_textblock'  itemprop=\"text\" ><h2>Cookies \/ Informasjoinskapsler:<\/h2>\n<h3>Hva er informasjonskapsler (cookies)?<\/h3>\n<p>Informasjonskapsler eller \u00abcookies\u00bb er en standard teknologi som stort sett alle nettsteder benytter i dag. Cookies er sm\u00e5 tekstfiler som blir lagret p\u00e5 datamaskinen din. Filene kan eksempelvis inneholde informasjon om innstillinger du gj\u00f8r p\u00e5 nettstedet, teknisk informasjon om enheten du logger p\u00e5 med, hvilke sider p\u00e5 nettstedet du bes\u00f8ker eller hvordan du navigerer mellom de ulike sidene p\u00e5 nettstedet. Les mer p\u00e5\u00a0<a href=\"https:\/\/nettvett.no\/slik-administrer-du-informasjonskapsler\/\" target=\"_blank\" rel=\"noopener\">https:\/\/nettvett.no\/slik-administrer-du-informasjonskapsler\/<\/a><\/p>\n<h3>Hvordan kan jeg unng\u00e5 cookies?<\/h3>\n<p>Du kan blokkere cookies og samtidig f\u00e5 tilgang til mesteparten av innholdet, men v\u00e6r klar over at det vil kunne f\u00f8re til at noe funksjonalitet p\u00e5 nettsiden ikke virker optimalt. For \u00e5 reservere deg mot bruk av informasjonskapsler m\u00e5 du endre sikkerhetsinnstillingene i nettleseren din. Hvordan du h\u00e5ndterer cookies i de vanligste nettleserne kan du lese mer om her:<\/p>\n<p><a href=\"http:\/\/windows.microsoft.com\/en-us\/windows-vista\/block-or-allow-cookies\" target=\"_blank\" rel=\"noopener\">Microsoft Internet Explorer<\/a><br \/>\n<a href=\"https:\/\/support.google.com\/chrome\/answer\/95647?hl=en\" target=\"_blank\" rel=\"noopener\">Google Chrome<\/a><br \/>\n<a href=\"https:\/\/support.mozilla.org\/en-US\/kb\/cookies-information-websites-store-on-your-computer\" target=\"_blank\" rel=\"noopener\">Mozilla Firefox<\/a><br \/>\n<a href=\"https:\/\/support.apple.com\/kb\/PH19214?locale=en_GB\" target=\"_blank\" rel=\"noopener\">Safari<\/a><\/p>\n<p>Har du sp\u00f8rsm\u00e5l eller kommentarer ang. personvern og cookies, vennligst ta kontakt med oss\u00a0<a href=\"\/ny2020?page_id=156\">her<\/a>.<\/p>\n<h4>Forbehold<\/h4>\n<p>Innholdet p\u00e5\u00a0www.meretesultra.no\u00a0kan v\u00e6re mangelfullt og kan inneholde feil. Meretes Ultra pr\u00f8ver etter beste evne \u00e5 forhindre dette. Meretes Ultra fraskriver seg alt ansvar for eventuelle tap (herunder ogs\u00e5 \u00f8konomiske tap) du eventuelt m\u00e5tte ha som f\u00f8lge av dette.<\/p>\n<p>Meretes Ultra er ikke ansvarlig for innholdet p\u00e5 eksterne nettsteder som vi lenker til.<\/p>\n<\/div><\/section><\/div><\/p>\n","protected":false},"excerpt":{"rendered":"","protected":false},"author":1,"featured_media":0,"parent":0,"menu_order":0,"comment_status":"closed","ping_status":"closed","template":"","meta":{"footnotes":""},"class_list":["post-2966","page","type-page","status-publish","hentry"],"yoast_head":"<!-- This site is optimized with the Yoast SEO plugin v27.5 - https:\/\/yoast.com\/product\/yoast-seo-wordpress\/ -->\n<title>P&amp;C - Meretes Ultra - Tidligere Sigrids Ultra - Jordmor - 2D 3D Ultralyd - Stavanger<\/title>\n<meta name=\"robots\" content=\"index, follow, max-snippet:-1, max-image-preview:large, max-video-preview:-1\" \/>\n<link rel=\"canonical\" href=\"https:\/\/www.meretesultra.no\/en\/pc\/\" \/>\n<meta property=\"og:locale\" content=\"en_US\" \/>\n<meta property=\"og:type\" content=\"article\" \/>\n<meta property=\"og:title\" content=\"P&amp;C - Meretes Ultra - Tidligere Sigrids Ultra - Jordmor - 2D 3D Ultralyd - Stavanger\" \/>\n<meta property=\"og:url\" content=\"https:\/\/www.meretesultra.no\/en\/pc\/\" \/>\n<meta property=\"og:site_name\" content=\"Meretes Ultra - Tidligere Sigrids Ultra - Jordmor - 2D 3D Ultralyd - Stavanger\" \/>\n<meta name=\"twitter:card\" content=\"summary_large_image\" \/>\n<meta name=\"twitter:label1\" content=\"Est. reading time\" \/>\n\t<meta name=\"twitter:data1\" content=\"4 minutes\" \/>\n<script type=\"application\/ld+json\" class=\"yoast-schema-graph\">{\"@context\":\"https:\\\/\\\/schema.org\",\"@graph\":[{\"@type\":\"WebPage\",\"@id\":\"https:\\\/\\\/www.meretesultra.no\\\/en\\\/pc\\\/\",\"url\":\"https:\\\/\\\/www.meretesultra.no\\\/en\\\/pc\\\/\",\"name\":\"P&C - Meretes Ultra - Tidligere Sigrids Ultra - Jordmor - 2D 3D Ultralyd - Stavanger\",\"isPartOf\":{\"@id\":\"https:\\\/\\\/www.meretesultra.no\\\/#website\"},\"datePublished\":\"2021-03-03T15:07:43+00:00\",\"breadcrumb\":{\"@id\":\"https:\\\/\\\/www.meretesultra.no\\\/en\\\/pc\\\/#breadcrumb\"},\"inLanguage\":\"en-US\",\"potentialAction\":[{\"@type\":\"ReadAction\",\"target\":[\"https:\\\/\\\/www.meretesultra.no\\\/en\\\/pc\\\/\"]}]},{\"@type\":\"BreadcrumbList\",\"@id\":\"https:\\\/\\\/www.meretesultra.no\\\/en\\\/pc\\\/#breadcrumb\",\"itemListElement\":[{\"@type\":\"ListItem\",\"position\":1,\"name\":\"Hjem\",\"item\":\"https:\\\/\\\/www.meretesultra.no\\\/en\\\/home\\\/\"},{\"@type\":\"ListItem\",\"position\":2,\"name\":\"P&#038;C\"}]},{\"@type\":\"WebSite\",\"@id\":\"https:\\\/\\\/www.meretesultra.no\\\/#website\",\"url\":\"https:\\\/\\\/www.meretesultra.no\\\/\",\"name\":\"Meretes Ultra - Tidligere Sigrids Ultra - Jordmor - 2D 3D Ultralyd - Stavanger\",\"description\":\"Jeg har lang erfaring som jordmor innen svangerskapsomsorg, f\u00f8dsel og barselpleie, samt i ultralyd av gravide.\",\"potentialAction\":[{\"@type\":\"SearchAction\",\"target\":{\"@type\":\"EntryPoint\",\"urlTemplate\":\"https:\\\/\\\/www.meretesultra.no\\\/?s={search_term_string}\"},\"query-input\":{\"@type\":\"PropertyValueSpecification\",\"valueRequired\":true,\"valueName\":\"search_term_string\"}}],\"inLanguage\":\"en-US\"}]}<\/script>\n<!-- \/ Yoast SEO plugin. -->","yoast_head_json":{"title":"P&C - Meretes Ultra - Tidligere Sigrids Ultra - Jordmor - 2D 3D Ultralyd - Stavanger","robots":{"index":"index","follow":"follow","max-snippet":"max-snippet:-1","max-image-preview":"max-image-preview:large","max-video-preview":"max-video-preview:-1"},"canonical":"https:\/\/www.meretesultra.no\/en\/pc\/","og_locale":"en_US","og_type":"article","og_title":"P&C - Meretes Ultra - Tidligere Sigrids Ultra - Jordmor - 2D 3D Ultralyd - Stavanger","og_url":"https:\/\/www.meretesultra.no\/en\/pc\/","og_site_name":"Meretes Ultra - Tidligere Sigrids Ultra - Jordmor - 2D 3D Ultralyd - Stavanger","twitter_card":"summary_large_image","twitter_misc":{"Est. reading time":"4 minutes"},"schema":{"@context":"https:\/\/schema.org","@graph":[{"@type":"WebPage","@id":"https:\/\/www.meretesultra.no\/en\/pc\/","url":"https:\/\/www.meretesultra.no\/en\/pc\/","name":"P&C - Meretes Ultra - Tidligere Sigrids Ultra - Jordmor - 2D 3D Ultralyd - Stavanger","isPartOf":{"@id":"https:\/\/www.meretesultra.no\/#website"},"datePublished":"2021-03-03T15:07:43+00:00","breadcrumb":{"@id":"https:\/\/www.meretesultra.no\/en\/pc\/#breadcrumb"},"inLanguage":"en-US","potentialAction":[{"@type":"ReadAction","target":["https:\/\/www.meretesultra.no\/en\/pc\/"]}]},{"@type":"BreadcrumbList","@id":"https:\/\/www.meretesultra.no\/en\/pc\/#breadcrumb","itemListElement":[{"@type":"ListItem","position":1,"name":"Hjem","item":"https:\/\/www.meretesultra.no\/en\/home\/"},{"@type":"ListItem","position":2,"name":"P&#038;C"}]},{"@type":"WebSite","@id":"https:\/\/www.meretesultra.no\/#website","url":"https:\/\/www.meretesultra.no\/","name":"Meretes Ultra - Tidligere Sigrids Ultra - Jordmor - 2D 3D Ultralyd - Stavanger","description":"Jeg har lang erfaring som jordmor innen svangerskapsomsorg, f\u00f8dsel og barselpleie, samt i ultralyd av gravide.","potentialAction":[{"@type":"SearchAction","target":{"@type":"EntryPoint","urlTemplate":"https:\/\/www.meretesultra.no\/?s={search_term_string}"},"query-input":{"@type":"PropertyValueSpecification","valueRequired":true,"valueName":"search_term_string"}}],"inLanguage":"en-US"}]}},"jetpack_sharing_enabled":true,"jetpack_shortlink":"https:\/\/wp.me\/P8E9tF-LQ","_links":{"self":[{"href":"https:\/\/www.meretesultra.no\/en\/wp-json\/wp\/v2\/pages\/2966","targetHints":{"allow":["GET"]}}],"collection":[{"href":"https:\/\/www.meretesultra.no\/en\/wp-json\/wp\/v2\/pages"}],"about":[{"href":"https:\/\/www.meretesultra.no\/en\/wp-json\/wp\/v2\/types\/page"}],"author":[{"embeddable":true,"href":"https:\/\/www.meretesultra.no\/en\/wp-json\/wp\/v2\/users\/1"}],"replies":[{"embeddable":true,"href":"https:\/\/www.meretesultra.no\/en\/wp-json\/wp\/v2\/comments?post=2966"}],"version-history":[{"count":0,"href":"https:\/\/www.meretesultra.no\/en\/wp-json\/wp\/v2\/pages\/2966\/revisions"}],"wp:attachment":[{"href":"https:\/\/www.meretesultra.no\/en\/wp-json\/wp\/v2\/media?parent=2966"}],"curies":[{"name":"wp","href":"https:\/\/api.w.org\/{rel}","templated":true}]}}